{"id":9,"date":"2015-01-13T17:29:10","date_gmt":"2015-01-13T17:29:10","guid":{"rendered":"http:\/\/www.planodesaudemaringa.com\/site\/?page_id=9"},"modified":"2019-05-31T11:00:02","modified_gmt":"2019-05-31T14:00:02","slug":"contato","status":"publish","type":"page","link":"https:\/\/www.planodesaudebelem.com.br\/site\/contato\/","title":{"rendered":"Contato"},"content":{"rendered":"<p>Fale conosco atrav\u00e9s do formul\u00e1rio abaixo, pelo chat online ou ent\u00e3o\u00a0por telefone<\/p>\n<form class=\"allcross-form\" method=\"post\">\r\n    <input type=\"hidden\" name=\"Site\" value=\"www.planodesaudebelem.com.br\">\r\n    <input type=\"hidden\" name=\"IdFonte\" value=\"1\">\r\n    <input type=\"hidden\" name=\"Destinatario\" value=\"\">\r\n    <input type=\"hidden\" name=\"Tipo\" value=\"contato\">\r\n    <div class=\"form-group has-feedback\">\r\n        <input type=\"text\" class=\"form-control nome\" name=\"Nome\" placeholder=\"Seu nome\" data-error=\"*\u00c9 necess\u00e1rio informar o nome.\">\r\n        <span class=\"glyphicon form-control-feedback\"><\/span>\r\n        <div class=\"help-block with-errors\"><\/div>\r\n    <\/div>\r\n    <div class=\"form-group has-feedback\">\r\n        <input type=\"text\" class=\"form-control email\" name=\"Email\" placeholder=\"Email para contato\" data-error=\"*\u00c9 necess\u00e1rio ter ao menos um email ou telefone v\u00e1lido.\">\r\n        <span class=\"glyphicon form-control-feedback\"><\/span>\r\n        <div class=\"help-block with-errors\"><\/div>\r\n    <\/div>\r\n    <div class=\"form-group has-feedback\">\r\n        <input type=\"text\" class=\"form-control telefone\" name=\"FonePrincipal\" placeholder=\"Telefone para contato\" data-error=\"*\u00c9 necess\u00e1rio ter ao menos um email ou telefone v\u00e1lido.\">\r\n        <span class=\"glyphicon form-control-feedback\"><\/span>\r\n        <div class=\"help-block with-errors\"><\/div>\r\n    <\/div>\r\n    <div class=\"form-group\">\r\n        <select class=\"form-control estado\" name=\"Estado\">\r\n            <option value=\"N\u00e3o informado\">Selecione seu estado<\/option>\r\n        <\/select>\r\n    <\/div>\r\n    <div class=\"form-group\">\r\n        <select class=\"form-control cidade\" name=\"Cidade\">\r\n            <option value=\"N\u00e3o informada\">Selecione seu estado acima<\/option>\r\n        <\/select>\r\n    <\/div>\r\n    <div class=\"form-group\">\r\n        <textarea class=\"form-control obs\" name=\"Observacao\" rows=\"2\" placeholder=\"Deixe aqui sua mensagem\"><\/textarea>\r\n    <\/div>\r\n    <div class=\"form-group\">\r\n        <div class=\"g-recaptcha\" id=\"g-recaptcha-1875\"><\/div>\r\n    <\/div>\r\n    <div class=\"form-group\">\r\n        <div id=\"enviar-1875\" class=\"btn btn-warning btn-block enviar\">Enviar<\/div>\r\n    <\/div>\r\n<\/form>\n","protected":false},"excerpt":{"rendered":"<p>Fale conosco atrav\u00e9s do formul\u00e1rio abaixo, pelo chat online ou ent\u00e3o\u00a0por telefone<\/p>\n","protected":false},"author":4,"featured_media":0,"parent":0,"menu_order":0,"comment_status":"closed","ping_status":"closed","template":"","meta":[],"_links":{"self":[{"href":"https:\/\/www.planodesaudebelem.com.br\/site\/wp-json\/wp\/v2\/pages\/9"}],"collection":[{"href":"https:\/\/www.planodesaudebelem.com.br\/site\/wp-json\/wp\/v2\/pages"}],"about":[{"href":"https:\/\/www.planodesaudebelem.com.br\/site\/wp-json\/wp\/v2\/types\/page"}],"author":[{"embeddable":true,"href":"https:\/\/www.planodesaudebelem.com.br\/site\/wp-json\/wp\/v2\/users\/4"}],"replies":[{"embeddable":true,"href":"https:\/\/www.planodesaudebelem.com.br\/site\/wp-json\/wp\/v2\/comments?post=9"}],"version-history":[{"count":3,"href":"https:\/\/www.planodesaudebelem.com.br\/site\/wp-json\/wp\/v2\/pages\/9\/revisions"}],"predecessor-version":[{"id":334,"href":"https:\/\/www.planodesaudebelem.com.br\/site\/wp-json\/wp\/v2\/pages\/9\/revisions\/334"}],"wp:attachment":[{"href":"https:\/\/www.planodesaudebelem.com.br\/site\/wp-json\/wp\/v2\/media?parent=9"}],"curies":[{"name":"wp","href":"https:\/\/api.w.org\/{rel}","templated":true}]}}