{"id":7,"date":"2015-01-13T17:28:58","date_gmt":"2015-01-13T17:28:58","guid":{"rendered":"http:\/\/www.planodesaudemaringa.com\/site\/?page_id=7"},"modified":"2019-05-31T11:00:15","modified_gmt":"2019-05-31T14:00:15","slug":"solicite-cotacao","status":"publish","type":"page","link":"https:\/\/www.planodesaudebelem.com.br\/site\/solicite-cotacao\/","title":{"rendered":"Solicite Cota\u00e7\u00e3o"},"content":{"rendered":"<p>Deixe seus dados para\u00a0simula\u00e7\u00e3o de planos de sa\u00fade.<\/p>\n<form class=\"allcross-form\" method=\"post\">\r\n    <input type=\"hidden\" name=\"Site\" value=\"www.planodesaudebelem.com.br\">\r\n    <input type=\"hidden\" name=\"IdFonte\" value=\"1\">\r\n    <input type=\"hidden\" name=\"Destinatario\" value=\"\">\r\n    <input type=\"hidden\" name=\"Tipo\" value=\"saude\">\r\n    <div class=\"form-group has-feedback\">\r\n        <input type=\"text\" class=\"form-control nome\" name=\"Nome\" placeholder=\"Seu nome\" data-error=\"*\u00c9 necess\u00e1rio informar o nome.\">\r\n        <span class=\"glyphicon form-control-feedback\"><\/span>\r\n        <div class=\"help-block with-errors\"><\/div>\r\n    <\/div>\r\n    <div class=\"form-group has-feedback\">\r\n        <input type=\"text\" class=\"form-control email\" name=\"Email\" placeholder=\"Email para contato\" data-error=\"*\u00c9 necess\u00e1rio ter ao menos um email ou telefone v\u00e1lido.\">\r\n        <span class=\"glyphicon form-control-feedback\"><\/span>\r\n        <div class=\"help-block with-errors\"><\/div>\r\n    <\/div>\r\n    <div class=\"form-group has-feedback\">\r\n        <input type=\"text\" class=\"form-control telefone\" name=\"FonePrincipal\" placeholder=\"Telefone para contato\" data-error=\"*\u00c9 necess\u00e1rio ter ao menos um email ou telefone v\u00e1lido.\">\r\n        <span class=\"glyphicon form-control-feedback\"><\/span>\r\n        <div class=\"help-block with-errors\"><\/div>\r\n    <\/div>\r\n    <div class=\"form-group\">\r\n        <select class=\"form-control estado\" name=\"Estado\">\r\n            <option value=\"N\u00e3o informado\">Selecione seu estado<\/option>\r\n        <\/select>\r\n    <\/div>\r\n    <div class=\"form-group\">\r\n        <select class=\"form-control cidade\" name=\"Cidade\">\r\n            <option value=\"N\u00e3o informada\">Selecione seu estado acima<\/option>\r\n        <\/select>\r\n    <\/div>\r\n    \r\n    <div class=\"form-group\">\r\n        <label for=\"modalidade-6028\">Selecione seus interesses:<\/label>\r\n    <\/div>\r\n\r\n    <div class=\"form-check\">\r\n        <input type=\"checkbox\" class=\"form-check-input modalidade\" id=\"saudePF-6028\" name=\"Modalidade\" value=\"Individual\" descModalidade=\"Plano de Sa\u00fade Pessoa F\u00edsica\">\r\n        <label class=\"form-check-label\" for=\"saudePF-6028\">Plano de Sa\u00fade Pessoa F\u00edsica<\/label>\r\n    <\/div>\r\n    <div class=\"form-check\">\r\n        <input type=\"checkbox\" class=\"form-check-input modalidade\" id=\"saudeEmpresarial-6028\" name=\"Modalidade\" value=\"Empresarial\" descModalidade=\"Plano de Sa\u00fade Empresa\">\r\n        <label class=\"form-check-label\" for=\"saudeEmpresarial-6028\">Plano de Sa\u00fade Empresa<\/label>\r\n    <\/div>\r\n    <div class=\"form-check\">\r\n        <input type=\"checkbox\" class=\"form-check-input modalidade\" id=\"saudeAdesao-6028\" name=\"Modalidade\" value=\"Adesao\" descModalidade=\"Plano de Sa\u00fade Ades\u00e3o\">\r\n        <label class=\"form-check-label\" for=\"saudeAdesao-6028\">Plano de Sa\u00fade Ades\u00e3o<\/label>\r\n    <\/div>\r\n    <div class=\"form-check\">\r\n        <input type=\"checkbox\" class=\"form-check-input modalidade\" id=\"saudeFamiliar-6028\" name=\"Modalidade\" value=\"Familiar\" descModalidade=\"Plano de Sa\u00fade Familiar\">\r\n        <label class=\"form-check-label\" for=\"saudeFamiliar-6028\">Plano de Sa\u00fade Familiar<\/label>\r\n    <\/div>\r\n    <div class=\"form-check\">\r\n        <input type=\"checkbox\" class=\"form-check-input modalidade\" id=\"odontoPF-6028\" name=\"Modalidade\" value=\"IndividualOdonto\" descModalidade=\"Plano Odontol\u00f3gico Pessoa F\u00edsica\">\r\n        <label class=\"form-check-label\" for=\"odontoPF-6028\">Plano Odontol\u00f3gico Pessoa F\u00edsica<\/label>\r\n    <\/div>\r\n    <div class=\"form-check\">\r\n        <input type=\"checkbox\" class=\"form-check-input modalidade\" id=\"odontoEmpresarial-6028\" name=\"Modalidade\" value=\"EmpresarialOdonto\" descModalidade=\"Plano Odontol\u00f3gico Empresa\">\r\n        <label class=\"form-check-label\" for=\"odontoEmpresarial-6028\">Plano Odontol\u00f3gico Empresa<\/label>\r\n    <\/div>\r\n    <div class=\"form-check\">\r\n        <input type=\"checkbox\" class=\"form-check-input modalidade\" id=\"odontoFamiliar-6028\" name=\"Modalidade\" value=\"Familiar\" descModalidade=\"Plano Odontol\u00f3gico Familiar\">\r\n        <label class=\"form-check-label\" for=\"odontoFamiliar-6028\">Plano Odontol\u00f3gico Familiar<\/label>\r\n    <\/div>\r\n    \r\n    <div class=\"boxspace\"><\/div>\r\n    \r\n    <div class=\"form-group has-feedback idade\">\r\n        <input type=\"text\" class=\"form-control idade Isnumeric\" name=\"Idade\" maxlength=\"2\" placeholder=\"Informe sua idade\" data-error=\"*Para a modalidade Individual \u00e9 necess\u00e1rio informar sua idade.\">\r\n        <span class=\"glyphicon form-control-feedback\"><\/span>\r\n        <div class=\"help-block with-errors\"><\/div>\r\n    <\/div>\r\n\r\n    <div class=\"form-group has-feedback vidas\">\r\n        <input type=\"text\" class=\"form-control vidas\" name=\"Vidas\" placeholder=\"Informe o n\u00ba de pessoas\" data-error=\"*Para a modalidade PME\/Empresarial \u00e9 necess\u00e1rio informar o n\u00ba de pessoas.\">\r\n        <span class=\"glyphicon form-control-feedback\"><\/span>\r\n        <div class=\"help-block with-errors\"><\/div>\r\n    <\/div>\r\n\r\n    <div class=\"form-group has-feedback profissao\">\r\n        <input type=\"text\" class=\"form-control profissao\" name=\"Profissao\" placeholder=\"Informe sua profiss\u00e3o\" data-error=\"*Para a modalidade \u00e9 necess\u00e1rio informar sua profiss\u00e3o.\">\r\n        <span class=\"glyphicon form-control-feedback\"><\/span>\r\n        <div class=\"help-block with-errors\"><\/div>\r\n    <\/div>\r\n    \r\n    <div class=\"form-group\">\r\n        <textarea class=\"form-control obs\" name=\"Observacao\" rows=\"2\" placeholder=\"Deixe aqui sua observa\u00e7\u00e3o\"><\/textarea>\r\n    <\/div>\r\n    <div class=\"form-group\">\r\n        <div class=\"g-recaptcha\" id=\"g-recaptcha-6028\"><\/div>\r\n    <\/div>\r\n    <div class=\"form-group\">\r\n        <div id=\"enviar-6028\" class=\"btn btn-warning btn-block enviar\">Enviar<\/div>\r\n    <\/div>\r\n<\/form>\n","protected":false},"excerpt":{"rendered":"<p>Deixe seus dados para\u00a0simula\u00e7\u00e3o de planos de sa\u00fade.<\/p>\n","protected":false},"author":4,"featured_media":0,"parent":0,"menu_order":0,"comment_status":"closed","ping_status":"closed","template":"full-width-page.php","meta":[],"_links":{"self":[{"href":"https:\/\/www.planodesaudebelem.com.br\/site\/wp-json\/wp\/v2\/pages\/7"}],"collection":[{"href":"https:\/\/www.planodesaudebelem.com.br\/site\/wp-json\/wp\/v2\/pages"}],"about":[{"href":"https:\/\/www.planodesaudebelem.com.br\/site\/wp-json\/wp\/v2\/types\/page"}],"author":[{"embeddable":true,"href":"https:\/\/www.planodesaudebelem.com.br\/site\/wp-json\/wp\/v2\/users\/4"}],"replies":[{"embeddable":true,"href":"https:\/\/www.planodesaudebelem.com.br\/site\/wp-json\/wp\/v2\/comments?post=7"}],"version-history":[{"count":3,"href":"https:\/\/www.planodesaudebelem.com.br\/site\/wp-json\/wp\/v2\/pages\/7\/revisions"}],"predecessor-version":[{"id":335,"href":"https:\/\/www.planodesaudebelem.com.br\/site\/wp-json\/wp\/v2\/pages\/7\/revisions\/335"}],"wp:attachment":[{"href":"https:\/\/www.planodesaudebelem.com.br\/site\/wp-json\/wp\/v2\/media?parent=7"}],"curies":[{"name":"wp","href":"https:\/\/api.w.org\/{rel}","templated":true}]}}