{"id":150,"date":"2016-05-20T22:20:53","date_gmt":"2016-05-21T01:20:53","guid":{"rendered":"http:\/\/www.planosdesaudesp.net\/?page_id=150"},"modified":"2018-04-06T11:44:45","modified_gmt":"2018-04-06T14:44:45","slug":"allcross-belem","status":"publish","type":"page","link":"https:\/\/www.planodesaudebelem.com.br\/site\/allcross-belem\/","title":{"rendered":"AllCross Bel\u00e9m"},"content":{"rendered":"<header class=\"page-header\"><b>Grupo AllCross Corretora de Planos de Sa\u00fade Bel\u00e9m<\/b><span style=\"font-weight: 400;\">O grupo AllCross \u00e9 l\u00edder em todo o territ\u00f3rio nacional quando o assunto \u00e9 consultoria e facilita\u00e7\u00e3o para a contrata\u00e7\u00e3o de um benef\u00edcio de assist\u00eancia \u00e0 sa\u00fade. Isso ocorre porque essa empresa executa todas as suas atividades com os ideais de promover mais medicina de e garantir a melhor consultoria de sa\u00fade na sua regi\u00e3o. Com isso, os habitantes poder\u00e3o aproveitar as ferramentas mais modernas e com o devido acompanhamento apenas com o <\/span><b>Grupo AllCross.<\/b><\/p>\n<p><span style=\"font-weight: 400;\">A empresa est\u00e1 qualificada para oferecer efici\u00eancia o maior n\u00famero de pessoas poss\u00edvel. O <\/span><b>Grupo AllCross<\/b><span style=\"font-weight: 400;\"> \u00e9 l\u00edder e entende de medicina. Por isso, as melhores bandeiras possuem parceria com esse grupo, que trabalha a partir de m\u00e9todos inovadores com o alcance para todas as localidades do Brasil. Assim, fica f\u00e1cil escolher o melhor em estruturas, hospitais e m\u00e9dicos em alto n\u00edvel. <\/span><\/p>\n<p><span style=\"font-weight: 400;\">Hoje, al\u00e9m da matriz em Curitiba, no Paran\u00e1, e da sede na sua regi\u00e3o, o <\/span><b>Grupo AllCross<\/b><span style=\"font-weight: 400;\"> possui filiais distribu\u00eddas nas cidades de:<\/span><\/p>\n<ul>\n<li style=\"font-weight: 400;\"><span style=\"font-weight: 400;\">S\u00e3o Paulo<\/span><\/li>\n<li style=\"font-weight: 400;\"><span style=\"font-weight: 400;\">Paranagu\u00e1 (PR)<\/span><\/li>\n<li style=\"font-weight: 400;\"><span style=\"font-weight: 400;\">S\u00e3o Jos\u00e9 dos Pinhais (PR)<\/span><\/li>\n<li style=\"font-weight: 400;\"><span style=\"font-weight: 400;\">Guarapuava(PR)<\/span><\/li>\n<li style=\"font-weight: 400;\"><span style=\"font-weight: 400;\">Cascavel (PR) <\/span><\/li>\n<li style=\"font-weight: 400;\"><span style=\"font-weight: 400;\">Londrina (PR)<\/span><\/li>\n<li style=\"font-weight: 400;\"><span style=\"font-weight: 400;\">Joinville (SC) <\/span><\/li>\n<li style=\"font-weight: 400;\"><span style=\"font-weight: 400;\">Florian\u00f3polis (SC)<\/span><\/li>\n<li style=\"font-weight: 400;\"><span style=\"font-weight: 400;\">Porto Alegre (RS)<\/span><\/li>\n<li style=\"font-weight: 400;\"><span style=\"font-weight: 400;\">Belo Horizonte (MG)<\/span><\/li>\n<li style=\"font-weight: 400;\"><span style=\"font-weight: 400;\">Bras\u00edlia (DF)<\/span><\/li>\n<li style=\"font-weight: 400;\"><span style=\"font-weight: 400;\">Fortaleza (CE)<\/span><\/li>\n<li style=\"font-weight: 400;\"><span style=\"font-weight: 400;\">Outros<\/span><\/li>\n<\/ul>\n<p><span style=\"font-weight: 400;\">Saiba mais sobre a empresa AllCross nos itens descritos logo abaixo:<\/span><\/p>\n<ul>\n<li style=\"font-weight: 400;\"><span style=\"font-weight: 400;\">A sua dire\u00e7\u00e3o executiva at\u00e9 o momento registra uma estrutura organizacional de aproximadamente 69 colaboradores e 360 consultores de vendas<\/span><\/li>\n<li style=\"font-weight: 400;\"><span style=\"font-weight: 400;\">Al\u00e9m disso, a AllCross se ramificou em seu repert\u00f3rio de qualidade de vendas e por isso atende n\u00e3o somente com planos de sa\u00fade, mas tamb\u00e9m com op\u00e7\u00f5es de seguros em Autom\u00f3vel, Aeronaves, Barco, Caminh\u00f5es, Condom\u00ednios, Educacional, Empresarial, Fian\u00e7a, Garantia, Prestamista, Previd\u00eancia Complementar, Residencial, Responsabilidade Civil e Vida, atrav\u00e9s da Corretora PrimeBroker, pertencente ao <\/span><b>Grupo AllCross<\/b><\/li>\n<li style=\"font-weight: 400;\"><span style=\"font-weight: 400;\">Voc\u00ea que deseja conhecer melhor sobre planos de sa\u00fade e seguros em geral, conhe\u00e7a a corretora AllCross, pois esta corretora tem o comprometimento com a satisfa\u00e7\u00e3o de seus clientes e ent\u00e3o trabalha sempre com os maiores conceitos de plano de sa\u00fade com uma equipe de alta qualidade em atendimento e presta\u00e7\u00e3o de servi\u00e7o<\/span><\/li>\n<\/ul>\n<p><span style=\"font-weight: 400;\">Os principais valores desta corretora s\u00e3o:<\/span><\/p>\n<ul>\n<li style=\"font-weight: 400;\"><span style=\"font-weight: 400;\">\u00c9tica e transpar\u00eancia <\/span><\/li>\n<li style=\"font-weight: 400;\"><span style=\"font-weight: 400;\">Responsabilidade e excel\u00eancia<\/span><\/li>\n<li style=\"font-weight: 400;\"><span style=\"font-weight: 400;\">Gest\u00e3o eficiente de recursos e resultados<\/span><\/li>\n<li style=\"font-weight: 400;\"><span style=\"font-weight: 400;\">Trabalho em equipe e disciplina para construir a empresa que sonhamos<\/span><\/li>\n<\/ul>\n<\/header>\n","protected":false},"excerpt":{"rendered":"<p>Grupo AllCross Corretora de Planos de Sa\u00fade Bel\u00e9mO grupo AllCross \u00e9 l\u00edder em todo o territ\u00f3rio nacional quando o assunto \u00e9 consultoria e facilita\u00e7\u00e3o para a contrata\u00e7\u00e3o de um benef\u00edcio de assist\u00eancia \u00e0 sa\u00fade. Isso ocorre porque essa empresa executa todas as suas atividades com os ideais de promover mais medicina de e garantir a [&hellip;]<\/p>\n","protected":false},"author":4,"featured_media":0,"parent":0,"menu_order":0,"comment_status":"closed","ping_status":"closed","template":"","meta":[],"_links":{"self":[{"href":"https:\/\/www.planodesaudebelem.com.br\/site\/wp-json\/wp\/v2\/pages\/150"}],"collection":[{"href":"https:\/\/www.planodesaudebelem.com.br\/site\/wp-json\/wp\/v2\/pages"}],"about":[{"href":"https:\/\/www.planodesaudebelem.com.br\/site\/wp-json\/wp\/v2\/types\/page"}],"author":[{"embeddable":true,"href":"https:\/\/www.planodesaudebelem.com.br\/site\/wp-json\/wp\/v2\/users\/4"}],"replies":[{"embeddable":true,"href":"https:\/\/www.planodesaudebelem.com.br\/site\/wp-json\/wp\/v2\/comments?post=150"}],"version-history":[{"count":2,"href":"https:\/\/www.planodesaudebelem.com.br\/site\/wp-json\/wp\/v2\/pages\/150\/revisions"}],"predecessor-version":[{"id":299,"href":"https:\/\/www.planodesaudebelem.com.br\/site\/wp-json\/wp\/v2\/pages\/150\/revisions\/299"}],"wp:attachment":[{"href":"https:\/\/www.planodesaudebelem.com.br\/site\/wp-json\/wp\/v2\/media?parent=150"}],"curies":[{"name":"wp","href":"https:\/\/api.w.org\/{rel}","templated":true}]}}